{"id":13,"date":"2019-03-27T14:31:41","date_gmt":"2019-03-27T14:31:41","guid":{"rendered":"https:\/\/audiorecords.studio\/?page_id=13"},"modified":"2019-04-02T11:41:46","modified_gmt":"2019-04-02T11:41:46","slug":"ein-startseiten-abschnitt","status":"publish","type":"page","link":"https:\/\/audiorecords.studio\/index.php\/ein-startseiten-abschnitt\/","title":{"rendered":"Recording"},"content":{"rendered":"<p>In den vier akustisch optimierten, sehr unterschiedlichen Aufnahmer\u00e4umen von audioRECORDS findet sich f\u00fcr jedes Instrument der richtige Sound, sei es Gitarre, Bass, Schlagzeug oder Stimme. Mit verschiedenen Mikrophonen wird der individuelle Klang getestet und optimiert.<\/p>\n<p>Die R\u00e4umlichkeiten bieten auch gen\u00fcgend Platz f\u00fcr Live-Aufnahmen mit ganzen Bands.<\/p>\n","protected":false},"excerpt":{"rendered":"<p>In den vier akustisch optimierten, sehr unterschiedlichen Aufnahmer\u00e4umen von audioRECORDS findet sich f\u00fcr jedes Instrument der richtige Sound, sei es Gitarre, Bass, Schlagzeug oder Stimme. Mit verschiedenen Mikrophonen wird der individuelle Klang getestet und optimiert. Die R\u00e4umlichkeiten bieten auch gen\u00fcgend Platz f\u00fcr Live-Aufnahmen mit ganzen Bands.<\/p>\n","protected":false},"author":2,"featured_media":34,"parent":0,"menu_order":0,"comment_status":"closed","ping_status":"closed","template":"","meta":{"footnotes":""},"class_list":["post-13","page","type-page","status-publish","has-post-thumbnail","hentry"],"yoast_head":"<!-- This site is optimized with the Yoast SEO plugin v27.3 - https:\/\/yoast.com\/product\/yoast-seo-wordpress\/ -->\n<title>Recording - audioRECORDS<\/title>\n<meta name=\"robots\" content=\"index, follow, max-snippet:-1, max-image-preview:large, max-video-preview:-1\" \/>\n<link rel=\"canonical\" href=\"https:\/\/audiorecords.studio\/index.php\/ein-startseiten-abschnitt\/\" \/>\n<meta property=\"og:locale\" content=\"de_DE\" \/>\n<meta property=\"og:type\" content=\"article\" \/>\n<meta property=\"og:title\" content=\"Recording - audioRECORDS\" \/>\n<meta property=\"og:description\" content=\"In den vier akustisch optimierten, sehr unterschiedlichen Aufnahmer\u00e4umen von audioRECORDS findet sich f\u00fcr jedes Instrument der richtige Sound, sei es Gitarre, Bass, Schlagzeug oder Stimme. Mit verschiedenen Mikrophonen wird der individuelle Klang getestet und optimiert. Die R\u00e4umlichkeiten bieten auch gen\u00fcgend Platz f\u00fcr Live-Aufnahmen mit ganzen Bands.\" \/>\n<meta property=\"og:url\" content=\"https:\/\/audiorecords.studio\/index.php\/ein-startseiten-abschnitt\/\" \/>\n<meta property=\"og:site_name\" content=\"audioRECORDS\" \/>\n<meta property=\"article:modified_time\" content=\"2019-04-02T11:41:46+00:00\" \/>\n<meta property=\"og:image\" content=\"https:\/\/audiorecords.studio\/wp-content\/uploads\/2019\/04\/uad_category_eq_hero.jpg\" \/>\n\t<meta property=\"og:image:width\" content=\"1805\" \/>\n\t<meta property=\"og:image:height\" content=\"465\" \/>\n\t<meta property=\"og:image:type\" content=\"image\/jpeg\" \/>\n<meta name=\"twitter:card\" content=\"summary_large_image\" \/>\n<script type=\"application\/ld+json\" class=\"yoast-schema-graph\">{\"@context\":\"https:\\\/\\\/schema.org\",\"@graph\":[{\"@type\":\"WebPage\",\"@id\":\"https:\\\/\\\/audiorecords.studio\\\/index.php\\\/ein-startseiten-abschnitt\\\/\",\"url\":\"https:\\\/\\\/audiorecords.studio\\\/index.php\\\/ein-startseiten-abschnitt\\\/\",\"name\":\"Recording - audioRECORDS\",\"isPartOf\":{\"@id\":\"https:\\\/\\\/audiorecords.studio\\\/#website\"},\"primaryImageOfPage\":{\"@id\":\"https:\\\/\\\/audiorecords.studio\\\/index.php\\\/ein-startseiten-abschnitt\\\/#primaryimage\"},\"image\":{\"@id\":\"https:\\\/\\\/audiorecords.studio\\\/index.php\\\/ein-startseiten-abschnitt\\\/#primaryimage\"},\"thumbnailUrl\":\"https:\\\/\\\/audiorecords.studio\\\/wp-content\\\/uploads\\\/2019\\\/04\\\/uad_category_eq_hero.jpg\",\"datePublished\":\"2019-03-27T14:31:41+00:00\",\"dateModified\":\"2019-04-02T11:41:46+00:00\",\"breadcrumb\":{\"@id\":\"https:\\\/\\\/audiorecords.studio\\\/index.php\\\/ein-startseiten-abschnitt\\\/#breadcrumb\"},\"inLanguage\":\"de\",\"potentialAction\":[{\"@type\":\"ReadAction\",\"target\":[\"https:\\\/\\\/audiorecords.studio\\\/index.php\\\/ein-startseiten-abschnitt\\\/\"]}]},{\"@type\":\"ImageObject\",\"inLanguage\":\"de\",\"@id\":\"https:\\\/\\\/audiorecords.studio\\\/index.php\\\/ein-startseiten-abschnitt\\\/#primaryimage\",\"url\":\"https:\\\/\\\/audiorecords.studio\\\/wp-content\\\/uploads\\\/2019\\\/04\\\/uad_category_eq_hero.jpg\",\"contentUrl\":\"https:\\\/\\\/audiorecords.studio\\\/wp-content\\\/uploads\\\/2019\\\/04\\\/uad_category_eq_hero.jpg\",\"width\":1805,\"height\":465},{\"@type\":\"BreadcrumbList\",\"@id\":\"https:\\\/\\\/audiorecords.studio\\\/index.php\\\/ein-startseiten-abschnitt\\\/#breadcrumb\",\"itemListElement\":[{\"@type\":\"ListItem\",\"position\":1,\"name\":\"Home\",\"item\":\"https:\\\/\\\/audiorecords.studio\\\/\"},{\"@type\":\"ListItem\",\"position\":2,\"name\":\"Recording\"}]},{\"@type\":\"WebSite\",\"@id\":\"https:\\\/\\\/audiorecords.studio\\\/#website\",\"url\":\"https:\\\/\\\/audiorecords.studio\\\/\",\"name\":\"audioRECORDS\",\"description\":\"Independent Record Label\",\"potentialAction\":[{\"@type\":\"SearchAction\",\"target\":{\"@type\":\"EntryPoint\",\"urlTemplate\":\"https:\\\/\\\/audiorecords.studio\\\/?s={search_term_string}\"},\"query-input\":{\"@type\":\"PropertyValueSpecification\",\"valueRequired\":true,\"valueName\":\"search_term_string\"}}],\"inLanguage\":\"de\"}]}<\/script>\n<!-- \/ Yoast SEO plugin. -->","yoast_head_json":{"title":"Recording - audioRECORDS","robots":{"index":"index","follow":"follow","max-snippet":"max-snippet:-1","max-image-preview":"max-image-preview:large","max-video-preview":"max-video-preview:-1"},"canonical":"https:\/\/audiorecords.studio\/index.php\/ein-startseiten-abschnitt\/","og_locale":"de_DE","og_type":"article","og_title":"Recording - audioRECORDS","og_description":"In den vier akustisch optimierten, sehr unterschiedlichen Aufnahmer\u00e4umen von audioRECORDS findet sich f\u00fcr jedes Instrument der richtige Sound, sei es Gitarre, Bass, Schlagzeug oder Stimme. Mit verschiedenen Mikrophonen wird der individuelle Klang getestet und optimiert. Die R\u00e4umlichkeiten bieten auch gen\u00fcgend Platz f\u00fcr Live-Aufnahmen mit ganzen Bands.","og_url":"https:\/\/audiorecords.studio\/index.php\/ein-startseiten-abschnitt\/","og_site_name":"audioRECORDS","article_modified_time":"2019-04-02T11:41:46+00:00","og_image":[{"width":1805,"height":465,"url":"https:\/\/audiorecords.studio\/wp-content\/uploads\/2019\/04\/uad_category_eq_hero.jpg","type":"image\/jpeg"}],"twitter_card":"summary_large_image","schema":{"@context":"https:\/\/schema.org","@graph":[{"@type":"WebPage","@id":"https:\/\/audiorecords.studio\/index.php\/ein-startseiten-abschnitt\/","url":"https:\/\/audiorecords.studio\/index.php\/ein-startseiten-abschnitt\/","name":"Recording - audioRECORDS","isPartOf":{"@id":"https:\/\/audiorecords.studio\/#website"},"primaryImageOfPage":{"@id":"https:\/\/audiorecords.studio\/index.php\/ein-startseiten-abschnitt\/#primaryimage"},"image":{"@id":"https:\/\/audiorecords.studio\/index.php\/ein-startseiten-abschnitt\/#primaryimage"},"thumbnailUrl":"https:\/\/audiorecords.studio\/wp-content\/uploads\/2019\/04\/uad_category_eq_hero.jpg","datePublished":"2019-03-27T14:31:41+00:00","dateModified":"2019-04-02T11:41:46+00:00","breadcrumb":{"@id":"https:\/\/audiorecords.studio\/index.php\/ein-startseiten-abschnitt\/#breadcrumb"},"inLanguage":"de","potentialAction":[{"@type":"ReadAction","target":["https:\/\/audiorecords.studio\/index.php\/ein-startseiten-abschnitt\/"]}]},{"@type":"ImageObject","inLanguage":"de","@id":"https:\/\/audiorecords.studio\/index.php\/ein-startseiten-abschnitt\/#primaryimage","url":"https:\/\/audiorecords.studio\/wp-content\/uploads\/2019\/04\/uad_category_eq_hero.jpg","contentUrl":"https:\/\/audiorecords.studio\/wp-content\/uploads\/2019\/04\/uad_category_eq_hero.jpg","width":1805,"height":465},{"@type":"BreadcrumbList","@id":"https:\/\/audiorecords.studio\/index.php\/ein-startseiten-abschnitt\/#breadcrumb","itemListElement":[{"@type":"ListItem","position":1,"name":"Home","item":"https:\/\/audiorecords.studio\/"},{"@type":"ListItem","position":2,"name":"Recording"}]},{"@type":"WebSite","@id":"https:\/\/audiorecords.studio\/#website","url":"https:\/\/audiorecords.studio\/","name":"audioRECORDS","description":"Independent Record Label","potentialAction":[{"@type":"SearchAction","target":{"@type":"EntryPoint","urlTemplate":"https:\/\/audiorecords.studio\/?s={search_term_string}"},"query-input":{"@type":"PropertyValueSpecification","valueRequired":true,"valueName":"search_term_string"}}],"inLanguage":"de"}]}},"_links":{"self":[{"href":"https:\/\/audiorecords.studio\/index.php\/wp-json\/wp\/v2\/pages\/13","targetHints":{"allow":["GET"]}}],"collection":[{"href":"https:\/\/audiorecords.studio\/index.php\/wp-json\/wp\/v2\/pages"}],"about":[{"href":"https:\/\/audiorecords.studio\/index.php\/wp-json\/wp\/v2\/types\/page"}],"author":[{"embeddable":true,"href":"https:\/\/audiorecords.studio\/index.php\/wp-json\/wp\/v2\/users\/2"}],"replies":[{"embeddable":true,"href":"https:\/\/audiorecords.studio\/index.php\/wp-json\/wp\/v2\/comments?post=13"}],"version-history":[{"count":3,"href":"https:\/\/audiorecords.studio\/index.php\/wp-json\/wp\/v2\/pages\/13\/revisions"}],"predecessor-version":[{"id":39,"href":"https:\/\/audiorecords.studio\/index.php\/wp-json\/wp\/v2\/pages\/13\/revisions\/39"}],"wp:featuredmedia":[{"embeddable":true,"href":"https:\/\/audiorecords.studio\/index.php\/wp-json\/wp\/v2\/media\/34"}],"wp:attachment":[{"href":"https:\/\/audiorecords.studio\/index.php\/wp-json\/wp\/v2\/media?parent=13"}],"curies":[{"name":"wp","href":"https:\/\/api.w.org\/{rel}","templated":true}]}}