{"id":11,"date":"2019-03-27T14:31:41","date_gmt":"2019-03-27T14:31:41","guid":{"rendered":"https:\/\/audiorecords.studio\/?page_id=11"},"modified":"2019-04-02T12:12:46","modified_gmt":"2019-04-02T12:12:46","slug":"kontakt","status":"publish","type":"page","link":"https:\/\/audiorecords.studio\/index.php\/kontakt\/","title":{"rendered":"Kontakt"},"content":{"rendered":"<p>Mit unserem Independent Label audioRECORDS konzentrieren wir uns auf labelfreie K\u00fcnstler und Bands die in Ihrer Entwicklung frei und unabh\u00e4ngig bleiben wollen. Wir erm\u00f6glichen einen offiziellen Release, bieten vielf\u00e4ltige Promotionl\u00f6sungen dank professioneller Labelstruktur und verf\u00fcgen \u00fcber ein gro\u00dfes Kontaktnetzwerk an Medienpartnern, Radiosendern und A&amp;R Manager gro\u00dfer Labels. Unser Ziel ist es, Dich und Deine Band langfristig zu unterst\u00fctzen, Deine Image zu entwickeln und Deine Reichweite konkurrenzf\u00e4hig zu machen.<\/p>\n\n\n<p>Kontaktiere uns daher nur wenn Du der Ansicht bist, dass Deine eigene Produktion soweit ist unter den Leuten gebracht zu werden.<\/p>\n","protected":false},"excerpt":{"rendered":"<p>Mit unserem Independent Label audioRECORDS konzentrieren wir uns auf labelfreie K\u00fcnstler und Bands die in Ihrer Entwicklung frei und unabh\u00e4ngig bleiben wollen. Wir erm\u00f6glichen einen offiziellen Release, bieten vielf\u00e4ltige Promotionl\u00f6sungen dank professioneller Labelstruktur und verf\u00fcgen \u00fcber ein gro\u00dfes Kontaktnetzwerk an Medienpartnern, Radiosendern und A&amp;R Manager gro\u00dfer Labels. Unser Ziel ist es, Dich und Deine Band &hellip; <\/p>\n<p class=\"link-more\"><a href=\"https:\/\/audiorecords.studio\/index.php\/kontakt\/\" class=\"more-link\"><span class=\"screen-reader-text\">\u201eKontakt\u201c <\/span>weiterlesen<\/a><\/p>\n","protected":false},"author":2,"featured_media":33,"parent":0,"menu_order":0,"comment_status":"closed","ping_status":"closed","template":"","meta":{"footnotes":""},"class_list":["post-11","page","type-page","status-publish","has-post-thumbnail","hentry"],"yoast_head":"<!-- This site is optimized with the Yoast SEO plugin v27.4 - https:\/\/yoast.com\/product\/yoast-seo-wordpress\/ -->\n<title>Kontakt - audioRECORDS<\/title>\n<meta name=\"robots\" content=\"index, follow, max-snippet:-1, max-image-preview:large, max-video-preview:-1\" \/>\n<link rel=\"canonical\" href=\"https:\/\/audiorecords.studio\/index.php\/kontakt\/\" \/>\n<meta property=\"og:locale\" content=\"de_DE\" \/>\n<meta property=\"og:type\" content=\"article\" \/>\n<meta property=\"og:title\" content=\"Kontakt - audioRECORDS\" \/>\n<meta property=\"og:description\" content=\"Mit unserem Independent Label audioRECORDS konzentrieren wir uns auf labelfreie K\u00fcnstler und Bands die in Ihrer Entwicklung frei und unabh\u00e4ngig bleiben wollen. Wir erm\u00f6glichen einen offiziellen Release, bieten vielf\u00e4ltige Promotionl\u00f6sungen dank professioneller Labelstruktur und verf\u00fcgen \u00fcber ein gro\u00dfes Kontaktnetzwerk an Medienpartnern, Radiosendern und A&amp;R Manager gro\u00dfer Labels. Unser Ziel ist es, Dich und Deine Band &hellip; \u201eKontakt\u201c weiterlesen\" \/>\n<meta property=\"og:url\" content=\"https:\/\/audiorecords.studio\/index.php\/kontakt\/\" \/>\n<meta property=\"og:site_name\" content=\"audioRECORDS\" \/>\n<meta property=\"article:modified_time\" content=\"2019-04-02T12:12:46+00:00\" \/>\n<meta property=\"og:image\" content=\"https:\/\/audiorecords.studio\/wp-content\/uploads\/2019\/04\/joanna-kosinska-44214-unsplash_small.jpg\" \/>\n\t<meta property=\"og:image:width\" content=\"3016\" \/>\n\t<meta property=\"og:image:height\" content=\"2013\" \/>\n\t<meta property=\"og:image:type\" content=\"image\/jpeg\" \/>\n<meta name=\"twitter:card\" content=\"summary_large_image\" \/>\n<meta name=\"twitter:label1\" content=\"Gesch\u00e4tzte Lesezeit\" \/>\n\t<meta name=\"twitter:data1\" content=\"1\u00a0Minute\" \/>\n<script type=\"application\/ld+json\" class=\"yoast-schema-graph\">{\"@context\":\"https:\\\/\\\/schema.org\",\"@graph\":[{\"@type\":\"WebPage\",\"@id\":\"https:\\\/\\\/audiorecords.studio\\\/index.php\\\/kontakt\\\/\",\"url\":\"https:\\\/\\\/audiorecords.studio\\\/index.php\\\/kontakt\\\/\",\"name\":\"Kontakt - audioRECORDS\",\"isPartOf\":{\"@id\":\"https:\\\/\\\/audiorecords.studio\\\/#website\"},\"primaryImageOfPage\":{\"@id\":\"https:\\\/\\\/audiorecords.studio\\\/index.php\\\/kontakt\\\/#primaryimage\"},\"image\":{\"@id\":\"https:\\\/\\\/audiorecords.studio\\\/index.php\\\/kontakt\\\/#primaryimage\"},\"thumbnailUrl\":\"https:\\\/\\\/audiorecords.studio\\\/wp-content\\\/uploads\\\/2019\\\/04\\\/joanna-kosinska-44214-unsplash_small.jpg\",\"datePublished\":\"2019-03-27T14:31:41+00:00\",\"dateModified\":\"2019-04-02T12:12:46+00:00\",\"breadcrumb\":{\"@id\":\"https:\\\/\\\/audiorecords.studio\\\/index.php\\\/kontakt\\\/#breadcrumb\"},\"inLanguage\":\"de\",\"potentialAction\":[{\"@type\":\"ReadAction\",\"target\":[\"https:\\\/\\\/audiorecords.studio\\\/index.php\\\/kontakt\\\/\"]}]},{\"@type\":\"ImageObject\",\"inLanguage\":\"de\",\"@id\":\"https:\\\/\\\/audiorecords.studio\\\/index.php\\\/kontakt\\\/#primaryimage\",\"url\":\"https:\\\/\\\/audiorecords.studio\\\/wp-content\\\/uploads\\\/2019\\\/04\\\/joanna-kosinska-44214-unsplash_small.jpg\",\"contentUrl\":\"https:\\\/\\\/audiorecords.studio\\\/wp-content\\\/uploads\\\/2019\\\/04\\\/joanna-kosinska-44214-unsplash_small.jpg\",\"width\":3016,\"height\":2013},{\"@type\":\"BreadcrumbList\",\"@id\":\"https:\\\/\\\/audiorecords.studio\\\/index.php\\\/kontakt\\\/#breadcrumb\",\"itemListElement\":[{\"@type\":\"ListItem\",\"position\":1,\"name\":\"Home\",\"item\":\"https:\\\/\\\/audiorecords.studio\\\/\"},{\"@type\":\"ListItem\",\"position\":2,\"name\":\"Kontakt\"}]},{\"@type\":\"WebSite\",\"@id\":\"https:\\\/\\\/audiorecords.studio\\\/#website\",\"url\":\"https:\\\/\\\/audiorecords.studio\\\/\",\"name\":\"audioRECORDS\",\"description\":\"Independent Record Label\",\"potentialAction\":[{\"@type\":\"SearchAction\",\"target\":{\"@type\":\"EntryPoint\",\"urlTemplate\":\"https:\\\/\\\/audiorecords.studio\\\/?s={search_term_string}\"},\"query-input\":{\"@type\":\"PropertyValueSpecification\",\"valueRequired\":true,\"valueName\":\"search_term_string\"}}],\"inLanguage\":\"de\"}]}<\/script>\n<!-- \/ Yoast SEO plugin. -->","yoast_head_json":{"title":"Kontakt - audioRECORDS","robots":{"index":"index","follow":"follow","max-snippet":"max-snippet:-1","max-image-preview":"max-image-preview:large","max-video-preview":"max-video-preview:-1"},"canonical":"https:\/\/audiorecords.studio\/index.php\/kontakt\/","og_locale":"de_DE","og_type":"article","og_title":"Kontakt - audioRECORDS","og_description":"Mit unserem Independent Label audioRECORDS konzentrieren wir uns auf labelfreie K\u00fcnstler und Bands die in Ihrer Entwicklung frei und unabh\u00e4ngig bleiben wollen. Wir erm\u00f6glichen einen offiziellen Release, bieten vielf\u00e4ltige Promotionl\u00f6sungen dank professioneller Labelstruktur und verf\u00fcgen \u00fcber ein gro\u00dfes Kontaktnetzwerk an Medienpartnern, Radiosendern und A&amp;R Manager gro\u00dfer Labels. Unser Ziel ist es, Dich und Deine Band &hellip; \u201eKontakt\u201c weiterlesen","og_url":"https:\/\/audiorecords.studio\/index.php\/kontakt\/","og_site_name":"audioRECORDS","article_modified_time":"2019-04-02T12:12:46+00:00","og_image":[{"width":3016,"height":2013,"url":"https:\/\/audiorecords.studio\/wp-content\/uploads\/2019\/04\/joanna-kosinska-44214-unsplash_small.jpg","type":"image\/jpeg"}],"twitter_card":"summary_large_image","twitter_misc":{"Gesch\u00e4tzte Lesezeit":"1\u00a0Minute"},"schema":{"@context":"https:\/\/schema.org","@graph":[{"@type":"WebPage","@id":"https:\/\/audiorecords.studio\/index.php\/kontakt\/","url":"https:\/\/audiorecords.studio\/index.php\/kontakt\/","name":"Kontakt - audioRECORDS","isPartOf":{"@id":"https:\/\/audiorecords.studio\/#website"},"primaryImageOfPage":{"@id":"https:\/\/audiorecords.studio\/index.php\/kontakt\/#primaryimage"},"image":{"@id":"https:\/\/audiorecords.studio\/index.php\/kontakt\/#primaryimage"},"thumbnailUrl":"https:\/\/audiorecords.studio\/wp-content\/uploads\/2019\/04\/joanna-kosinska-44214-unsplash_small.jpg","datePublished":"2019-03-27T14:31:41+00:00","dateModified":"2019-04-02T12:12:46+00:00","breadcrumb":{"@id":"https:\/\/audiorecords.studio\/index.php\/kontakt\/#breadcrumb"},"inLanguage":"de","potentialAction":[{"@type":"ReadAction","target":["https:\/\/audiorecords.studio\/index.php\/kontakt\/"]}]},{"@type":"ImageObject","inLanguage":"de","@id":"https:\/\/audiorecords.studio\/index.php\/kontakt\/#primaryimage","url":"https:\/\/audiorecords.studio\/wp-content\/uploads\/2019\/04\/joanna-kosinska-44214-unsplash_small.jpg","contentUrl":"https:\/\/audiorecords.studio\/wp-content\/uploads\/2019\/04\/joanna-kosinska-44214-unsplash_small.jpg","width":3016,"height":2013},{"@type":"BreadcrumbList","@id":"https:\/\/audiorecords.studio\/index.php\/kontakt\/#breadcrumb","itemListElement":[{"@type":"ListItem","position":1,"name":"Home","item":"https:\/\/audiorecords.studio\/"},{"@type":"ListItem","position":2,"name":"Kontakt"}]},{"@type":"WebSite","@id":"https:\/\/audiorecords.studio\/#website","url":"https:\/\/audiorecords.studio\/","name":"audioRECORDS","description":"Independent Record Label","potentialAction":[{"@type":"SearchAction","target":{"@type":"EntryPoint","urlTemplate":"https:\/\/audiorecords.studio\/?s={search_term_string}"},"query-input":{"@type":"PropertyValueSpecification","valueRequired":true,"valueName":"search_term_string"}}],"inLanguage":"de"}]}},"_links":{"self":[{"href":"https:\/\/audiorecords.studio\/index.php\/wp-json\/wp\/v2\/pages\/11","targetHints":{"allow":["GET"]}}],"collection":[{"href":"https:\/\/audiorecords.studio\/index.php\/wp-json\/wp\/v2\/pages"}],"about":[{"href":"https:\/\/audiorecords.studio\/index.php\/wp-json\/wp\/v2\/types\/page"}],"author":[{"embeddable":true,"href":"https:\/\/audiorecords.studio\/index.php\/wp-json\/wp\/v2\/users\/2"}],"replies":[{"embeddable":true,"href":"https:\/\/audiorecords.studio\/index.php\/wp-json\/wp\/v2\/comments?post=11"}],"version-history":[{"count":2,"href":"https:\/\/audiorecords.studio\/index.php\/wp-json\/wp\/v2\/pages\/11\/revisions"}],"predecessor-version":[{"id":47,"href":"https:\/\/audiorecords.studio\/index.php\/wp-json\/wp\/v2\/pages\/11\/revisions\/47"}],"wp:featuredmedia":[{"embeddable":true,"href":"https:\/\/audiorecords.studio\/index.php\/wp-json\/wp\/v2\/media\/33"}],"wp:attachment":[{"href":"https:\/\/audiorecords.studio\/index.php\/wp-json\/wp\/v2\/media?parent=11"}],"curies":[{"name":"wp","href":"https:\/\/api.w.org\/{rel}","templated":true}]}}