{"id":10,"date":"2019-03-27T14:31:41","date_gmt":"2019-03-27T14:31:41","guid":{"rendered":"https:\/\/audiorecords.studio\/?page_id=10"},"modified":"2019-04-02T11:45:01","modified_gmt":"2019-04-02T11:45:01","slug":"ueber-mich","status":"publish","type":"page","link":"https:\/\/audiorecords.studio\/index.php\/ueber-mich\/","title":{"rendered":"Dein Musikvertrieb. Physisch und digital."},"content":{"rendered":"<p>Der digitale Vertrieb der eigenen Musik reicht Euch nicht? K\u00f6nnen wir verstehen. Irgendwie ist es doch eine wirklich sch\u00f6ne Sache, die eigene Scheibe in den H\u00e4nden halten und bei den\u00a0Gigs zum Verkauf anbieten und die Bandkasse auff\u00fcllen zu k\u00f6nnen.<\/p>\n<p>Was das Ganze letztendlich kostet, h\u00e4ngt von Euren W\u00fcnschen ab. Der einfachste Weg: nehmt einfach Kontakt zu uns auf. Gemeinsam werden wir eine eine gute L\u00f6sung finden. F\u00fcr jeden Geldbeutel.<\/p>\n<p>Auch hier\u00a0nutzen wir die langj\u00e4hrige Erfahrung und Kompetenz unserer Partner, die zu einem reibungslosen Ablauf beitragen.<\/p>\n","protected":false},"excerpt":{"rendered":"<p>Der digitale Vertrieb der eigenen Musik reicht Euch nicht? K\u00f6nnen wir verstehen. Irgendwie ist es doch eine wirklich sch\u00f6ne Sache, die eigene Scheibe in den H\u00e4nden halten und bei den\u00a0Gigs zum Verkauf anbieten und die Bandkasse auff\u00fcllen zu k\u00f6nnen. Was das Ganze letztendlich kostet, h\u00e4ngt von Euren W\u00fcnschen ab. Der einfachste Weg: nehmt einfach Kontakt &hellip; <\/p>\n<p class=\"link-more\"><a href=\"https:\/\/audiorecords.studio\/index.php\/ueber-mich\/\" class=\"more-link\"><span class=\"screen-reader-text\">\u201eDein Musikvertrieb. Physisch und digital.\u201c <\/span>weiterlesen<\/a><\/p>\n","protected":false},"author":2,"featured_media":31,"parent":0,"menu_order":0,"comment_status":"closed","ping_status":"closed","template":"","meta":{"footnotes":""},"class_list":["post-10","page","type-page","status-publish","has-post-thumbnail","hentry"],"yoast_head":"<!-- This site is optimized with the Yoast SEO plugin v27.3 - https:\/\/yoast.com\/product\/yoast-seo-wordpress\/ -->\n<title>Dein Musikvertrieb. Physisch und digital. - audioRECORDS<\/title>\n<meta name=\"robots\" content=\"index, follow, max-snippet:-1, max-image-preview:large, max-video-preview:-1\" \/>\n<link rel=\"canonical\" href=\"https:\/\/audiorecords.studio\/index.php\/ueber-mich\/\" \/>\n<meta property=\"og:locale\" content=\"de_DE\" \/>\n<meta property=\"og:type\" content=\"article\" \/>\n<meta property=\"og:title\" content=\"Dein Musikvertrieb. Physisch und digital. - audioRECORDS\" \/>\n<meta property=\"og:description\" content=\"Der digitale Vertrieb der eigenen Musik reicht Euch nicht? K\u00f6nnen wir verstehen. Irgendwie ist es doch eine wirklich sch\u00f6ne Sache, die eigene Scheibe in den H\u00e4nden halten und bei den\u00a0Gigs zum Verkauf anbieten und die Bandkasse auff\u00fcllen zu k\u00f6nnen. Was das Ganze letztendlich kostet, h\u00e4ngt von Euren W\u00fcnschen ab. Der einfachste Weg: nehmt einfach Kontakt &hellip; \u201eDein Musikvertrieb. Physisch und digital.\u201c weiterlesen\" \/>\n<meta property=\"og:url\" content=\"https:\/\/audiorecords.studio\/index.php\/ueber-mich\/\" \/>\n<meta property=\"og:site_name\" content=\"audioRECORDS\" \/>\n<meta property=\"article:modified_time\" content=\"2019-04-02T11:45:01+00:00\" \/>\n<meta property=\"og:image\" content=\"https:\/\/audiorecords.studio\/wp-content\/uploads\/2019\/04\/kyler-nixon-430225-unsplash_small.jpg\" \/>\n\t<meta property=\"og:image:width\" content=\"3016\" \/>\n\t<meta property=\"og:image:height\" content=\"2012\" \/>\n\t<meta property=\"og:image:type\" content=\"image\/jpeg\" \/>\n<meta name=\"twitter:card\" content=\"summary_large_image\" \/>\n<script type=\"application\/ld+json\" class=\"yoast-schema-graph\">{\"@context\":\"https:\\\/\\\/schema.org\",\"@graph\":[{\"@type\":\"WebPage\",\"@id\":\"https:\\\/\\\/audiorecords.studio\\\/index.php\\\/ueber-mich\\\/\",\"url\":\"https:\\\/\\\/audiorecords.studio\\\/index.php\\\/ueber-mich\\\/\",\"name\":\"Dein Musikvertrieb. Physisch und digital. - audioRECORDS\",\"isPartOf\":{\"@id\":\"https:\\\/\\\/audiorecords.studio\\\/#website\"},\"primaryImageOfPage\":{\"@id\":\"https:\\\/\\\/audiorecords.studio\\\/index.php\\\/ueber-mich\\\/#primaryimage\"},\"image\":{\"@id\":\"https:\\\/\\\/audiorecords.studio\\\/index.php\\\/ueber-mich\\\/#primaryimage\"},\"thumbnailUrl\":\"https:\\\/\\\/audiorecords.studio\\\/wp-content\\\/uploads\\\/2019\\\/04\\\/kyler-nixon-430225-unsplash_small.jpg\",\"datePublished\":\"2019-03-27T14:31:41+00:00\",\"dateModified\":\"2019-04-02T11:45:01+00:00\",\"breadcrumb\":{\"@id\":\"https:\\\/\\\/audiorecords.studio\\\/index.php\\\/ueber-mich\\\/#breadcrumb\"},\"inLanguage\":\"de\",\"potentialAction\":[{\"@type\":\"ReadAction\",\"target\":[\"https:\\\/\\\/audiorecords.studio\\\/index.php\\\/ueber-mich\\\/\"]}]},{\"@type\":\"ImageObject\",\"inLanguage\":\"de\",\"@id\":\"https:\\\/\\\/audiorecords.studio\\\/index.php\\\/ueber-mich\\\/#primaryimage\",\"url\":\"https:\\\/\\\/audiorecords.studio\\\/wp-content\\\/uploads\\\/2019\\\/04\\\/kyler-nixon-430225-unsplash_small.jpg\",\"contentUrl\":\"https:\\\/\\\/audiorecords.studio\\\/wp-content\\\/uploads\\\/2019\\\/04\\\/kyler-nixon-430225-unsplash_small.jpg\",\"width\":3016,\"height\":2012},{\"@type\":\"BreadcrumbList\",\"@id\":\"https:\\\/\\\/audiorecords.studio\\\/index.php\\\/ueber-mich\\\/#breadcrumb\",\"itemListElement\":[{\"@type\":\"ListItem\",\"position\":1,\"name\":\"Home\",\"item\":\"https:\\\/\\\/audiorecords.studio\\\/\"},{\"@type\":\"ListItem\",\"position\":2,\"name\":\"Dein Musikvertrieb. Physisch und digital.\"}]},{\"@type\":\"WebSite\",\"@id\":\"https:\\\/\\\/audiorecords.studio\\\/#website\",\"url\":\"https:\\\/\\\/audiorecords.studio\\\/\",\"name\":\"audioRECORDS\",\"description\":\"Independent Record Label\",\"potentialAction\":[{\"@type\":\"SearchAction\",\"target\":{\"@type\":\"EntryPoint\",\"urlTemplate\":\"https:\\\/\\\/audiorecords.studio\\\/?s={search_term_string}\"},\"query-input\":{\"@type\":\"PropertyValueSpecification\",\"valueRequired\":true,\"valueName\":\"search_term_string\"}}],\"inLanguage\":\"de\"}]}<\/script>\n<!-- \/ Yoast SEO plugin. -->","yoast_head_json":{"title":"Dein Musikvertrieb. Physisch und digital. - audioRECORDS","robots":{"index":"index","follow":"follow","max-snippet":"max-snippet:-1","max-image-preview":"max-image-preview:large","max-video-preview":"max-video-preview:-1"},"canonical":"https:\/\/audiorecords.studio\/index.php\/ueber-mich\/","og_locale":"de_DE","og_type":"article","og_title":"Dein Musikvertrieb. Physisch und digital. - audioRECORDS","og_description":"Der digitale Vertrieb der eigenen Musik reicht Euch nicht? K\u00f6nnen wir verstehen. Irgendwie ist es doch eine wirklich sch\u00f6ne Sache, die eigene Scheibe in den H\u00e4nden halten und bei den\u00a0Gigs zum Verkauf anbieten und die Bandkasse auff\u00fcllen zu k\u00f6nnen. Was das Ganze letztendlich kostet, h\u00e4ngt von Euren W\u00fcnschen ab. Der einfachste Weg: nehmt einfach Kontakt &hellip; \u201eDein Musikvertrieb. Physisch und digital.\u201c weiterlesen","og_url":"https:\/\/audiorecords.studio\/index.php\/ueber-mich\/","og_site_name":"audioRECORDS","article_modified_time":"2019-04-02T11:45:01+00:00","og_image":[{"width":3016,"height":2012,"url":"https:\/\/audiorecords.studio\/wp-content\/uploads\/2019\/04\/kyler-nixon-430225-unsplash_small.jpg","type":"image\/jpeg"}],"twitter_card":"summary_large_image","schema":{"@context":"https:\/\/schema.org","@graph":[{"@type":"WebPage","@id":"https:\/\/audiorecords.studio\/index.php\/ueber-mich\/","url":"https:\/\/audiorecords.studio\/index.php\/ueber-mich\/","name":"Dein Musikvertrieb. Physisch und digital. - audioRECORDS","isPartOf":{"@id":"https:\/\/audiorecords.studio\/#website"},"primaryImageOfPage":{"@id":"https:\/\/audiorecords.studio\/index.php\/ueber-mich\/#primaryimage"},"image":{"@id":"https:\/\/audiorecords.studio\/index.php\/ueber-mich\/#primaryimage"},"thumbnailUrl":"https:\/\/audiorecords.studio\/wp-content\/uploads\/2019\/04\/kyler-nixon-430225-unsplash_small.jpg","datePublished":"2019-03-27T14:31:41+00:00","dateModified":"2019-04-02T11:45:01+00:00","breadcrumb":{"@id":"https:\/\/audiorecords.studio\/index.php\/ueber-mich\/#breadcrumb"},"inLanguage":"de","potentialAction":[{"@type":"ReadAction","target":["https:\/\/audiorecords.studio\/index.php\/ueber-mich\/"]}]},{"@type":"ImageObject","inLanguage":"de","@id":"https:\/\/audiorecords.studio\/index.php\/ueber-mich\/#primaryimage","url":"https:\/\/audiorecords.studio\/wp-content\/uploads\/2019\/04\/kyler-nixon-430225-unsplash_small.jpg","contentUrl":"https:\/\/audiorecords.studio\/wp-content\/uploads\/2019\/04\/kyler-nixon-430225-unsplash_small.jpg","width":3016,"height":2012},{"@type":"BreadcrumbList","@id":"https:\/\/audiorecords.studio\/index.php\/ueber-mich\/#breadcrumb","itemListElement":[{"@type":"ListItem","position":1,"name":"Home","item":"https:\/\/audiorecords.studio\/"},{"@type":"ListItem","position":2,"name":"Dein Musikvertrieb. Physisch und digital."}]},{"@type":"WebSite","@id":"https:\/\/audiorecords.studio\/#website","url":"https:\/\/audiorecords.studio\/","name":"audioRECORDS","description":"Independent Record Label","potentialAction":[{"@type":"SearchAction","target":{"@type":"EntryPoint","urlTemplate":"https:\/\/audiorecords.studio\/?s={search_term_string}"},"query-input":{"@type":"PropertyValueSpecification","valueRequired":true,"valueName":"search_term_string"}}],"inLanguage":"de"}]}},"_links":{"self":[{"href":"https:\/\/audiorecords.studio\/index.php\/wp-json\/wp\/v2\/pages\/10","targetHints":{"allow":["GET"]}}],"collection":[{"href":"https:\/\/audiorecords.studio\/index.php\/wp-json\/wp\/v2\/pages"}],"about":[{"href":"https:\/\/audiorecords.studio\/index.php\/wp-json\/wp\/v2\/types\/page"}],"author":[{"embeddable":true,"href":"https:\/\/audiorecords.studio\/index.php\/wp-json\/wp\/v2\/users\/2"}],"replies":[{"embeddable":true,"href":"https:\/\/audiorecords.studio\/index.php\/wp-json\/wp\/v2\/comments?post=10"}],"version-history":[{"count":2,"href":"https:\/\/audiorecords.studio\/index.php\/wp-json\/wp\/v2\/pages\/10\/revisions"}],"predecessor-version":[{"id":40,"href":"https:\/\/audiorecords.studio\/index.php\/wp-json\/wp\/v2\/pages\/10\/revisions\/40"}],"wp:featuredmedia":[{"embeddable":true,"href":"https:\/\/audiorecords.studio\/index.php\/wp-json\/wp\/v2\/media\/31"}],"wp:attachment":[{"href":"https:\/\/audiorecords.studio\/index.php\/wp-json\/wp\/v2\/media?parent=10"}],"curies":[{"name":"wp","href":"https:\/\/api.w.org\/{rel}","templated":true}]}}